{"id":284,"date":"2022-11-04T10:13:56","date_gmt":"2022-11-04T09:13:56","guid":{"rendered":"https:\/\/oneheadwonder.com\/?post_type=product&#038;p=284"},"modified":"2025-08-19T11:15:28","modified_gmt":"2025-08-19T09:15:28","slug":"woeoedi-activated-carbon-filter-bong","status":"publish","type":"product","link":"https:\/\/oneheadwonder.com\/en\/produkt\/woeoedi-activated-carbon-filter-bong\/","title":{"rendered":"W\u00d6\u00d6DI &#8211; Activated carbon filter for bong\u2019s and shisha\u2019s (18,8\u00d8)"},"content":{"rendered":"<p>W\u00f6\u00f6di the new way of an activated carbon filter for bong\u2019s* and shisha\u2019s*.<br \/>\n(* with 18,8\u00d8 glass coupling)<br \/>\nW\u00f6\u00f6di is made 100% only out of wood and activated coconut charcoal. Nice! :D<\/p>\n<p>Ready to use!<br \/>\n100% vegan<br \/>\n100% organic<\/p>\n<p>no glass, no metal, no ceramic<br \/>\nno cleaner or chemicals needed<br \/>\nwe support reforestation.<\/p>\n","protected":false},"excerpt":{"rendered":"<p>W\u00f6\u00f6di the new way of an activated carbon filter for bong\u2019s* and shisha\u2019s*. (* with 18,8\u00d8 glass coupling) W\u00f6\u00f6di is made 100% only out of wood and activated coconut charcoal. Nice! :D Ready to use! 100% vegan 100% organic no glass, no metal, no ceramic no cleaner or chemicals needed we support reforestation.<\/p>\n","protected":false},"featured_media":1602,"comment_status":"open","ping_status":"closed","template":"","meta":{"site-sidebar-layout":"default","site-content-layout":"","ast-site-content-layout":"default","site-content-style":"default","site-sidebar-style":"default","ast-global-header-display":"","ast-banner-title-visibility":"","ast-main-header-display":"","ast-hfb-above-header-display":"","ast-hfb-below-header-display":"","ast-hfb-mobile-header-display":"","site-post-title":"","ast-breadcrumbs-content":"","ast-featured-img":"","footer-sml-layout":"","ast-disable-related-posts":"","theme-transparent-header-meta":"","adv-header-id-meta":"","stick-header-meta":"","header-above-stick-meta":"","header-main-stick-meta":"","header-below-stick-meta":"","astra-migrate-meta-layouts":"default","ast-page-background-enabled":"default","ast-page-background-meta":{"desktop":{"background-color":"var(--ast-global-color-4)","background-image":"","background-repeat":"repeat","background-position":"center center","background-size":"auto","background-attachment":"scroll","background-type":"","background-media":"","overlay-type":"","overlay-color":"","overlay-opacity":"","overlay-gradient":""},"tablet":{"background-color":"","background-image":"","background-repeat":"repeat","background-position":"center center","background-size":"auto","background-attachment":"scroll","background-type":"","background-media":"","overlay-type":"","overlay-color":"","overlay-opacity":"","overlay-gradient":""},"mobile":{"background-color":"","background-image":"","background-repeat":"repeat","background-position":"center center","background-size":"auto","background-attachment":"scroll","background-type":"","background-media":"","overlay-type":"","overlay-color":"","overlay-opacity":"","overlay-gradient":""}},"ast-content-background-meta":{"desktop":{"background-color":"var(--ast-global-color-5)","background-image":"","background-repeat":"repeat","background-position":"center center","background-size":"auto","background-attachment":"scroll","background-type":"","background-media":"","overlay-type":"","overlay-color":"","overlay-opacity":"","overlay-gradient":""},"tablet":{"background-color":"var(--ast-global-color-5)","background-image":"","background-repeat":"repeat","background-position":"center center","background-size":"auto","background-attachment":"scroll","background-type":"","background-media":"","overlay-type":"","overlay-color":"","overlay-opacity":"","overlay-gradient":""},"mobile":{"background-color":"var(--ast-global-color-5)","background-image":"","background-repeat":"repeat","background-position":"center center","background-size":"auto","background-attachment":"scroll","background-type":"","background-media":"","overlay-type":"","overlay-color":"","overlay-opacity":"","overlay-gradient":""}}},"product_brand":[],"product_cat":[112,115],"product_tag":[],"class_list":{"0":"post-284","1":"product","2":"type-product","3":"status-publish","4":"has-post-thumbnail","6":"product_cat-activated-carbon-filter-for-bongs","7":"product_cat-uncategorized","8":"desktop-align-left","9":"tablet-align-left","10":"mobile-align-left","11":"ast-product-gallery-layout-horizontal-slider","12":"ast-magnify-disabled","13":"ast-product-tabs-layout-distributed","15":"first","16":"instock","17":"purchasable","18":"product-type-simple"},"_links":{"self":[{"href":"https:\/\/oneheadwonder.com\/en\/wp-json\/wp\/v2\/product\/284","targetHints":{"allow":["GET"]}}],"collection":[{"href":"https:\/\/oneheadwonder.com\/en\/wp-json\/wp\/v2\/product"}],"about":[{"href":"https:\/\/oneheadwonder.com\/en\/wp-json\/wp\/v2\/types\/product"}],"replies":[{"embeddable":true,"href":"https:\/\/oneheadwonder.com\/en\/wp-json\/wp\/v2\/comments?post=284"}],"version-history":[{"count":12,"href":"https:\/\/oneheadwonder.com\/en\/wp-json\/wp\/v2\/product\/284\/revisions"}],"predecessor-version":[{"id":1603,"href":"https:\/\/oneheadwonder.com\/en\/wp-json\/wp\/v2\/product\/284\/revisions\/1603"}],"wp:featuredmedia":[{"embeddable":true,"href":"https:\/\/oneheadwonder.com\/en\/wp-json\/wp\/v2\/media\/1602"}],"wp:attachment":[{"href":"https:\/\/oneheadwonder.com\/en\/wp-json\/wp\/v2\/media?parent=284"}],"wp:term":[{"taxonomy":"product_brand","embeddable":true,"href":"https:\/\/oneheadwonder.com\/en\/wp-json\/wp\/v2\/product_brand?post=284"},{"taxonomy":"product_cat","embeddable":true,"href":"https:\/\/oneheadwonder.com\/en\/wp-json\/wp\/v2\/product_cat?post=284"},{"taxonomy":"product_tag","embeddable":true,"href":"https:\/\/oneheadwonder.com\/en\/wp-json\/wp\/v2\/product_tag?post=284"}],"curies":[{"name":"wp","href":"https:\/\/api.w.org\/{rel}","templated":true}]}}