{"id":1226,"date":"2024-07-11T13:32:13","date_gmt":"2024-07-11T11:32:13","guid":{"rendered":"https:\/\/oneheadwonder.com\/produkt\/2x-woeoedi-activated-carbon-filter-for-bongs-and-water-pipes-145s\/"},"modified":"2025-08-19T11:51:12","modified_gmt":"2025-08-19T09:51:12","slug":"woeoedi-aktivkohlefilter-fuer-bongs-145er","status":"publish","type":"product","link":"https:\/\/oneheadwonder.com\/en\/produkt\/woeoedi-aktivkohlefilter-fuer-bongs-145er\/","title":{"rendered":"W\u00d6\u00d6DI &#8211; Activated carbon filter for bongs and water pipes &#8211; 14.5 cut"},"content":{"rendered":"<p>W\u00f6\u00f6di is the new, light and environmentally friendly activated charcoal filter for bongs and water pipes with a 14.5 standard cut.<br \/>\nW\u00f6\u00f6di is made of 100% wood and coconut activated charcoal! Nice! :D<\/p>\n<p>*With practical storage function for breaks<\/p>\n<p>Ready for immediate use!<br \/>\n100% vegan!<br \/>\n100% organic no glass, no metal, no ceramic!<br \/>\nNo cleaner or chemicals required!<br \/>\nWe support reforestation!<\/p>\n","protected":false},"excerpt":{"rendered":"<p>W\u00f6\u00f6di is the new, light and environmentally friendly activated charcoal filter for bongs and water pipes with a 14.5 standard cut. W\u00f6\u00f6di is made of 100% wood and coconut activated charcoal! Nice! :D *With practical storage function for breaks Ready for immediate use! 100% vegan! 100% organic no glass, no metal, no ceramic! No cleaner [&hellip;]<\/p>\n","protected":false},"featured_media":1592,"comment_status":"open","ping_status":"closed","template":"","meta":{"site-sidebar-layout":"default","site-content-layout":"","ast-site-content-layout":"default","site-content-style":"default","site-sidebar-style":"default","ast-global-header-display":"","ast-banner-title-visibility":"","ast-main-header-display":"","ast-hfb-above-header-display":"","ast-hfb-below-header-display":"","ast-hfb-mobile-header-display":"","site-post-title":"","ast-breadcrumbs-content":"","ast-featured-img":"","footer-sml-layout":"","ast-disable-related-posts":"","theme-transparent-header-meta":"","adv-header-id-meta":"","stick-header-meta":"","header-above-stick-meta":"","header-main-stick-meta":"","header-below-stick-meta":"","astra-migrate-meta-layouts":"default","ast-page-background-enabled":"default","ast-page-background-meta":{"desktop":{"background-color":"var(--ast-global-color-4)","background-image":"","background-repeat":"repeat","background-position":"center center","background-size":"auto","background-attachment":"scroll","background-type":"","background-media":"","overlay-type":"","overlay-color":"","overlay-opacity":"","overlay-gradient":""},"tablet":{"background-color":"","background-image":"","background-repeat":"repeat","background-position":"center center","background-size":"auto","background-attachment":"scroll","background-type":"","background-media":"","overlay-type":"","overlay-color":"","overlay-opacity":"","overlay-gradient":""},"mobile":{"background-color":"","background-image":"","background-repeat":"repeat","background-position":"center center","background-size":"auto","background-attachment":"scroll","background-type":"","background-media":"","overlay-type":"","overlay-color":"","overlay-opacity":"","overlay-gradient":""}},"ast-content-background-meta":{"desktop":{"background-color":"var(--ast-global-color-5)","background-image":"","background-repeat":"repeat","background-position":"center center","background-size":"auto","background-attachment":"scroll","background-type":"","background-media":"","overlay-type":"","overlay-color":"","overlay-opacity":"","overlay-gradient":""},"tablet":{"background-color":"var(--ast-global-color-5)","background-image":"","background-repeat":"repeat","background-position":"center center","background-size":"auto","background-attachment":"scroll","background-type":"","background-media":"","overlay-type":"","overlay-color":"","overlay-opacity":"","overlay-gradient":""},"mobile":{"background-color":"var(--ast-global-color-5)","background-image":"","background-repeat":"repeat","background-position":"center center","background-size":"auto","background-attachment":"scroll","background-type":"","background-media":"","overlay-type":"","overlay-color":"","overlay-opacity":"","overlay-gradient":""}}},"product_brand":[],"product_cat":[112],"product_tag":[],"class_list":{"0":"post-1226","1":"product","2":"type-product","3":"status-publish","4":"has-post-thumbnail","6":"product_cat-activated-carbon-filter-for-bongs","7":"desktop-align-left","8":"tablet-align-left","9":"mobile-align-left","10":"ast-product-gallery-layout-horizontal-slider","11":"ast-magnify-disabled","12":"ast-product-tabs-layout-distributed","14":"first","15":"instock","16":"purchasable","17":"product-type-simple"},"_links":{"self":[{"href":"https:\/\/oneheadwonder.com\/en\/wp-json\/wp\/v2\/product\/1226","targetHints":{"allow":["GET"]}}],"collection":[{"href":"https:\/\/oneheadwonder.com\/en\/wp-json\/wp\/v2\/product"}],"about":[{"href":"https:\/\/oneheadwonder.com\/en\/wp-json\/wp\/v2\/types\/product"}],"replies":[{"embeddable":true,"href":"https:\/\/oneheadwonder.com\/en\/wp-json\/wp\/v2\/comments?post=1226"}],"version-history":[{"count":8,"href":"https:\/\/oneheadwonder.com\/en\/wp-json\/wp\/v2\/product\/1226\/revisions"}],"predecessor-version":[{"id":1604,"href":"https:\/\/oneheadwonder.com\/en\/wp-json\/wp\/v2\/product\/1226\/revisions\/1604"}],"wp:featuredmedia":[{"embeddable":true,"href":"https:\/\/oneheadwonder.com\/en\/wp-json\/wp\/v2\/media\/1592"}],"wp:attachment":[{"href":"https:\/\/oneheadwonder.com\/en\/wp-json\/wp\/v2\/media?parent=1226"}],"wp:term":[{"taxonomy":"product_brand","embeddable":true,"href":"https:\/\/oneheadwonder.com\/en\/wp-json\/wp\/v2\/product_brand?post=1226"},{"taxonomy":"product_cat","embeddable":true,"href":"https:\/\/oneheadwonder.com\/en\/wp-json\/wp\/v2\/product_cat?post=1226"},{"taxonomy":"product_tag","embeddable":true,"href":"https:\/\/oneheadwonder.com\/en\/wp-json\/wp\/v2\/product_tag?post=1226"}],"curies":[{"name":"wp","href":"https:\/\/api.w.org\/{rel}","templated":true}]}}