{"id":100,"date":"2022-10-14T10:39:20","date_gmt":"2022-10-14T08:39:20","guid":{"rendered":"https:\/\/oneheadwonder.com\/cancellation-policy\/"},"modified":"2024-09-03T00:06:03","modified_gmt":"2024-09-02T22:06:03","slug":"cancellation-policy","status":"publish","type":"page","link":"https:\/\/oneheadwonder.com\/en\/cancellation-policy\/","title":{"rendered":"Cancellation policy"},"content":{"rendered":"\t\t<div data-elementor-type=\"wp-page\" data-elementor-id=\"100\" class=\"elementor elementor-100 elementor-68\" data-elementor-post-type=\"page\">\n\t\t\t\t\t\t<section class=\"elementor-section elementor-top-section elementor-element elementor-element-d976c99 elementor-section-boxed elementor-section-height-default elementor-section-height-default\" data-id=\"d976c99\" data-element_type=\"section\" data-e-type=\"section\">\n\t\t\t\t\t\t<div class=\"elementor-container elementor-column-gap-default\">\n\t\t\t\t\t<div class=\"elementor-column elementor-col-100 elementor-top-column elementor-element elementor-element-245a8f9d\" data-id=\"245a8f9d\" data-element_type=\"column\" data-e-type=\"column\" data-settings=\"{&quot;background_background&quot;:&quot;classic&quot;}\">\n\t\t\t<div class=\"elementor-widget-wrap elementor-element-populated\">\n\t\t\t\t\t\t<div class=\"elementor-element elementor-element-4bfb2fa2 elementor-widget elementor-widget-text-editor\" data-id=\"4bfb2fa2\" data-element_type=\"widget\" data-e-type=\"widget\" data-widget_type=\"text-editor.default\">\n\t\t\t\t\t\t<div class=\"elementor-widget-container\">\n\t\t\t\t\t\t\t\t\t<h3>Right of withdrawal for consumers<\/h3>\n(A consumer is any natural person who enters into a legal transaction for purposes that are predominantly neither commercial nor self-employed).\n<h1>Cancellation policy<\/h1>\n<h3>Right of withdrawal<\/h3>\nYou have the right to cancel this contract within fourteen days without giving any reason.\n\nThe withdrawal period is fourteen days from the day,\n<ul>\n \t<li>on which you or a third party named by you, who is not the carrier, have taken or has taken possession of the goods, provided that you have ordered one or more goods as part of a uniform order and these are or will be delivered uniformly, or<\/li>\n \t<li>on which you or a third party named by you, who is not the carrier, have taken possession of the last goods or has taken possession of the last goods, if you have ordered several goods in the context of a uniform order and these are delivered separately, or<\/li>\n \t<li>on which you or a third party named by you, who is not the carrier, have taken possession of the last partial shipment or the last piece, if you have ordered goods that are delivered in several partial shipments or pieces, or<\/li>\n \t<li>on which you or a third party named by you, who is not the carrier, have taken possession of the first goods or has taken possession of the first goods, if you have concluded a contract for the regular delivery of goods over a fixed period of time.<\/li>\n<\/ul><\/br>\nTo exercise your right of withdrawal, you must inform us (Axel Mauersberger, Sch\u00f6ne Aussicht 4, 08485 Lengenfeld, Germany, phone number: +49 160 33 97 939, e-mail address: info@oneheadwonder.com) by means of a clear statement (e.g. a letter sent by mail, e-mail) about your decision to withdraw from this contract. You can use the enclosed sample revocation form for this purpose, but it is not mandatory.\n<\/br><\/br>\nIn order to comply with the withdrawal period, it is sufficient that you send the notification of the exercise of the right of withdrawal before the expiry of the withdrawal period.<\/br>\n<h3>Consequences of the revocation<\/h3>\nIf you revoke this contract, we shall reimburse you all payments we have received from you, including delivery costs (with the exception of additional costs resulting from the fact that you have chosen a type of delivery other than the most favorable standard delivery offered by us), without undue delay and at the latest within fourteen days from the day on which we received the notification of your revocation of this contract. For this repayment, we will use the same means of payment that you used for the original transaction, unless expressly agreed otherwise with you; in no case will you be charged for this repayment.\n<\/br><\/br>\nWe may refuse to refund you until we have received the goods back or until you have provided proof that you have returned the goods, whichever is the earlier.\n<\/br><\/br>\nYou must return or hand over the goods to us immediately and in any case no later than within fourteen days from the day on which you notify us of the revocation of this contract. The deadline is met if you send the goods before the deadline of fourteen days.\n<\/br><\/br>\nYou bear the direct costs of returning the goods.\n<\/br><\/br>\nYou only have to pay for any loss of value of the goods if this loss of value is due to the handling of the goods which is not necessary for the inspection of the condition, properties and functioning of the goods.<\/br>\n<h2>Sample cancellation form<\/h2>\n(If you want to cancel the contract, please fill out and return this form).\n<\/br>\n&#8211; An\n<\/br>\nAxel Mauersberger, Sch\u00f6ne Aussicht 4, 08485 Lengenfeld, Germany, telephone number: +49 160 33 97 939, e-mail address: info@oneheadwonder.com<\/br>\n<\/br>\n&#8211; I\/we (*) hereby revoke the contract concluded by me\/us (*) for the purchase of the following goods (*)\/provision of the following service (*)\n<\/br>\n&#8211; Ordered on (*)\/received on (*)\n<\/br>\n&#8211; Name of the consumer(s)\n<\/br>\n&#8211; Address of the consumer(s)\n<\/br>\n&#8211; Signature of the consumer(s) (only in case of notification on paper)\n<\/br>\n&#8211; Date\n<\/br><\/br>\n___________<\/br>\n(*) Delete as applicable.\t\t\t\t\t\t\t\t<\/div>\n\t\t\t\t<\/div>\n\t\t\t\t\t<\/div>\n\t\t<\/div>\n\t\t\t\t\t<\/div>\n\t\t<\/section>\n\t\t\t\t<\/div>\n\t\t","protected":false},"excerpt":{"rendered":"<p>Widerrufsrecht f\u00fcr Verbraucher (Verbraucher ist jede nat\u00fcrliche Person, die ein Rechtsgesch\u00e4ft zu Zwecken abschlie\u00dft, die \u00fcberwiegend weder ihrer gewerblichen noch ihrer selbstst\u00e4ndigen beruflichen T\u00e4tigkeit zugerechnet werden kann.) Widerrufsbelehrung Widerrufsrecht Sie haben das Recht, binnen vierzehn Tagen ohne Angabe von Gr\u00fcnden diesen Vertrag zu widerrufen. Die Widerrufsfrist betr\u00e4gt vierzehn Tage ab dem Tag, an dem Sie [&hellip;]<\/p>\n","protected":false},"author":1,"featured_media":0,"parent":0,"menu_order":0,"comment_status":"closed","ping_status":"closed","template":"elementor_header_footer","meta":{"site-sidebar-layout":"default","site-content-layout":"","ast-site-content-layout":"default","site-content-style":"default","site-sidebar-style":"default","ast-global-header-display":"","ast-banner-title-visibility":"","ast-main-header-display":"","ast-hfb-above-header-display":"","ast-hfb-below-header-display":"","ast-hfb-mobile-header-display":"","site-post-title":"","ast-breadcrumbs-content":"","ast-featured-img":"","footer-sml-layout":"","ast-disable-related-posts":"","theme-transparent-header-meta":"","adv-header-id-meta":"","stick-header-meta":"","header-above-stick-meta":"","header-main-stick-meta":"","header-below-stick-meta":"","astra-migrate-meta-layouts":"default","ast-page-background-enabled":"default","ast-page-background-meta":{"desktop":{"background-color":"var(--ast-global-color-4)","background-image":"","background-repeat":"repeat","background-position":"center center","background-size":"auto","background-attachment":"scroll","background-type":"","background-media":"","overlay-type":"","overlay-color":"","overlay-opacity":"","overlay-gradient":""},"tablet":{"background-color":"","background-image":"","background-repeat":"repeat","background-position":"center center","background-size":"auto","background-attachment":"scroll","background-type":"","background-media":"","overlay-type":"","overlay-color":"","overlay-opacity":"","overlay-gradient":""},"mobile":{"background-color":"","background-image":"","background-repeat":"repeat","background-position":"center center","background-size":"auto","background-attachment":"scroll","background-type":"","background-media":"","overlay-type":"","overlay-color":"","overlay-opacity":"","overlay-gradient":""}},"ast-content-background-meta":{"desktop":{"background-color":"var(--ast-global-color-5)","background-image":"","background-repeat":"repeat","background-position":"center center","background-size":"auto","background-attachment":"scroll","background-type":"","background-media":"","overlay-type":"","overlay-color":"","overlay-opacity":"","overlay-gradient":""},"tablet":{"background-color":"var(--ast-global-color-5)","background-image":"","background-repeat":"repeat","background-position":"center center","background-size":"auto","background-attachment":"scroll","background-type":"","background-media":"","overlay-type":"","overlay-color":"","overlay-opacity":"","overlay-gradient":""},"mobile":{"background-color":"var(--ast-global-color-5)","background-image":"","background-repeat":"repeat","background-position":"center center","background-size":"auto","background-attachment":"scroll","background-type":"","background-media":"","overlay-type":"","overlay-color":"","overlay-opacity":"","overlay-gradient":""}},"footnotes":""},"class_list":["post-100","page","type-page","status-publish","hentry"],"_links":{"self":[{"href":"https:\/\/oneheadwonder.com\/en\/wp-json\/wp\/v2\/pages\/100","targetHints":{"allow":["GET"]}}],"collection":[{"href":"https:\/\/oneheadwonder.com\/en\/wp-json\/wp\/v2\/pages"}],"about":[{"href":"https:\/\/oneheadwonder.com\/en\/wp-json\/wp\/v2\/types\/page"}],"author":[{"embeddable":true,"href":"https:\/\/oneheadwonder.com\/en\/wp-json\/wp\/v2\/users\/1"}],"replies":[{"embeddable":true,"href":"https:\/\/oneheadwonder.com\/en\/wp-json\/wp\/v2\/comments?post=100"}],"version-history":[{"count":4,"href":"https:\/\/oneheadwonder.com\/en\/wp-json\/wp\/v2\/pages\/100\/revisions"}],"predecessor-version":[{"id":1267,"href":"https:\/\/oneheadwonder.com\/en\/wp-json\/wp\/v2\/pages\/100\/revisions\/1267"}],"wp:attachment":[{"href":"https:\/\/oneheadwonder.com\/en\/wp-json\/wp\/v2\/media?parent=100"}],"curies":[{"name":"wp","href":"https:\/\/api.w.org\/{rel}","templated":true}]}}